{"id":10141,"date":"2026-04-16T22:33:02","date_gmt":"2026-04-16T15:33:02","guid":{"rendered":"https:\/\/photogo.top\/?page_id=10141"},"modified":"2026-04-16T23:20:04","modified_gmt":"2026-04-16T16:20:04","slug":"anh","status":"publish","type":"page","link":"https:\/\/photogo.top\/?page_id=10141","title":{"rendered":"T\u1ea5t c\u1ea3 \u1ea3nh"},"content":{"rendered":"<ul class=\"wp-block-latest-posts__list is-grid columns-3 wp-block-latest-posts\"><li><a class=\"wp-block-latest-posts__post-title\" href=\"https:\/\/photogo.top\/?p=10236\">[Hw Go] \u2013 KHI TH\u1ec2 THAO KH\u00d4NG CH\u1ec8 L\u00c0 T\u1eacP LUY\u1ec6N, \u0110\u00d3 L\u00c0 NGH\u1ec6 THU\u1eacT\u00a0\ud83c\udfbe\ud83d\udd25<\/a><\/li>\n<li><a class=\"wp-block-latest-posts__post-title\" href=\"https:\/\/photogo.top\/?p=10188\">Gi\u1edbi Thi\u1ec7u v\u1ec1 PhotoGo<\/a><\/li>\n<li><div class=\"wp-block-latest-posts__featured-image\"><img decoding=\"async\" width=\"100\" height=\"150\" src=\"https:\/\/photogo.top\/wp-content\/uploads\/2026\/04\/POO07871-1-scaled.jpg\" class=\"attachment-thumbnail size-thumbnail wp-post-image\" alt=\"\" style=\"\" srcset=\"https:\/\/photogo.top\/wp-content\/uploads\/2026\/04\/POO07871-1-scaled.jpg 1707w, https:\/\/photogo.top\/wp-content\/uploads\/2026\/04\/POO07871-1-scaled-300x450.jpg 300w, https:\/\/photogo.top\/wp-content\/uploads\/2026\/04\/POO07871-1-scaled-600x900.jpg 600w\" sizes=\"(max-width: 100px) 100vw, 100px\" \/><\/div><a class=\"wp-block-latest-posts__post-title\" href=\"https:\/\/photogo.top\/?p=9876\">B\u00d3NG CHUY\u1ec0N S\u00c2N 1<\/a><\/li>\n<li><div class=\"wp-block-latest-posts__featured-image\"><img decoding=\"async\" width=\"100\" height=\"150\" src=\"https:\/\/photogo.top\/wp-content\/uploads\/2026\/04\/POO07830-scaled.jpg\" class=\"attachment-thumbnail size-thumbnail wp-post-image\" alt=\"\" style=\"\" srcset=\"https:\/\/photogo.top\/wp-content\/uploads\/2026\/04\/POO07830-scaled.jpg 1707w, https:\/\/photogo.top\/wp-content\/uploads\/2026\/04\/POO07830-scaled-300x450.jpg 300w, https:\/\/photogo.top\/wp-content\/uploads\/2026\/04\/POO07830-scaled-600x900.jpg 600w\" sizes=\"(max-width: 100px) 100vw, 100px\" \/><\/div><a class=\"wp-block-latest-posts__post-title\" href=\"https:\/\/photogo.top\/?p=9630\">B\u00f3ng \u0110\u00e1 GSC<\/a><\/li>\n<li><div class=\"wp-block-latest-posts__featured-image\"><img decoding=\"async\" width=\"100\" height=\"150\" src=\"https:\/\/photogo.top\/wp-content\/uploads\/2026\/04\/POO07883-scaled.jpg\" class=\"attachment-thumbnail size-thumbnail wp-post-image\" alt=\"\" style=\"\" srcset=\"https:\/\/photogo.top\/wp-content\/uploads\/2026\/04\/POO07883-scaled.jpg 1707w, https:\/\/photogo.top\/wp-content\/uploads\/2026\/04\/POO07883-scaled-300x450.jpg 300w, https:\/\/photogo.top\/wp-content\/uploads\/2026\/04\/POO07883-scaled-600x900.jpg 600w\" sizes=\"(max-width: 100px) 100vw, 100px\" \/><\/div><a class=\"wp-block-latest-posts__post-title\" href=\"https:\/\/photogo.top\/?p=9378\">Concept 3<\/a><\/li>\n<\/ul>","protected":false},"excerpt":{"rendered":"","protected":false},"author":1,"featured_media":0,"parent":0,"menu_order":0,"comment_status":"closed","ping_status":"closed","template":"","meta":{"footnotes":""},"class_list":["post-10141","page","type-page","status-publish","hentry"],"_links":{"self":[{"href":"https:\/\/photogo.top\/index.php?rest_route=\/wp\/v2\/pages\/10141","targetHints":{"allow":["GET"]}}],"collection":[{"href":"https:\/\/photogo.top\/index.php?rest_route=\/wp\/v2\/pages"}],"about":[{"href":"https:\/\/photogo.top\/index.php?rest_route=\/wp\/v2\/types\/page"}],"author":[{"embeddable":true,"href":"https:\/\/photogo.top\/index.php?rest_route=\/wp\/v2\/users\/1"}],"replies":[{"embeddable":true,"href":"https:\/\/photogo.top\/index.php?rest_route=%2Fwp%2Fv2%2Fcomments&post=10141"}],"version-history":[{"count":5,"href":"https:\/\/photogo.top\/index.php?rest_route=\/wp\/v2\/pages\/10141\/revisions"}],"predecessor-version":[{"id":10164,"href":"https:\/\/photogo.top\/index.php?rest_route=\/wp\/v2\/pages\/10141\/revisions\/10164"}],"wp:attachment":[{"href":"https:\/\/photogo.top\/index.php?rest_route=%2Fwp%2Fv2%2Fmedia&parent=10141"}],"curies":[{"name":"wp","href":"https:\/\/api.w.org\/{rel}","templated":true}]}}