{"id":10146,"date":"2026-04-16T22:52:42","date_gmt":"2026-04-16T15:52:42","guid":{"rendered":"https:\/\/photogo.top\/?page_id=10146"},"modified":"2026-04-17T00:03:10","modified_gmt":"2026-04-16T17:03:10","slug":"chinh-sach","status":"publish","type":"page","link":"https:\/\/photogo.top\/?page_id=10146","title":{"rendered":"Ch\u00ednh S\u00e1ch"},"content":{"rendered":"\n<h2 class=\"wp-block-heading\">CH\u00cdNH S\u00c1CH S\u1eec D\u1ee4NG H\u00ccNH \u1ea2NH &amp; QUY TR\u00ccNH B\u00c1N \u1ea2NH T\u1ea0I PHOTO GO<\/h2>\n\n\n\n<h3 class=\"wp-block-heading\">1. Nguy\u00ean t\u1eafc t\u00e1c nghi\u1ec7p (Tu\u00e2n th\u1ee7 B\u1ed9 lu\u1eadt D\u00e2n s\u1ef1 2015)<\/h3>\n\n\n\n<ul class=\"wp-block-list\">\n<li><strong>Quy\u1ec1n c\u00e1 nh\u00e2n:<\/strong>\u00a0Ch\u00fang t\u00f4i t\u00f4n tr\u1ecdng quy\u1ec1n h\u00ecnh \u1ea3nh c\u1ee7a m\u1ed7i c\u00e1 nh\u00e2n theo \u0110i\u1ec1u 32 B\u1ed9 lu\u1eadt D\u00e2n s\u1ef1. Th\u1ee3 ch\u1ee5p c\u1ee7a Photo Go ho\u1ea1t \u0111\u1ed9ng t\u1ea1i c\u00e1c \u0111\u1ecba \u0111i\u1ec3m c\u00f4ng c\u1ed9ng\/s\u1ef1 ki\u1ec7n th\u1ec3 thao nh\u1eb1m m\u1ee5c \u0111\u00edch ghi l\u1ea1i nh\u1eefng kho\u1ea3nh kh\u1eafc \u0111\u1eb9p.<\/li>\n\n\n\n<li><strong>S\u1ef1 \u0111\u1ed3ng \u00fd m\u1eb7c \u0111\u1ecbnh &amp; th\u1ecfa thu\u1eadn:<\/strong>\u00a0Khi qu\u00fd kh\u00e1ch tham gia v\u00e0o c\u00e1c ho\u1ea1t \u0111\u1ed9ng c\u00f4ng c\u1ed9ng v\u00e0 t\u01b0\u01a1ng t\u00e1c v\u1edbi \u1ed1ng k\u00ednh c\u1ee7a th\u1ee3 ch\u1ee5p, ch\u00fang t\u00f4i hi\u1ec3u r\u1eb1ng qu\u00fd kh\u00e1ch cho ph\u00e9p ch\u1ee5p \u1ea3nh th\u1eed nghi\u1ec7m. Tuy nhi\u00ean, vi\u1ec7c\u00a0<strong>s\u1eed d\u1ee5ng &amp; b\u00e1n \u1ea3nh<\/strong>\u00a0s\u1ebd tu\u00e2n th\u1ee7 nghi\u00eam ng\u1eb7t quy tr\u00ecnh d\u01b0\u1edbi \u0111\u00e2y.<\/li>\n<\/ul>\n\n\n\n<h3 class=\"wp-block-heading\">2. Quy tr\u00ecnh &#8220;H\u00e0i l\u00f2ng m\u1edbi mua &#8211; Kh\u00f4ng \u01b0ng x\u00f3a v\u0129nh vi\u1ec5n&#8221;<\/h3>\n\n\n\n<p>\u0110\u1ec3 b\u1ea3o v\u1ec7 quy\u1ec1n l\u1ee3i kh\u00e1ch h\u00e0ng, Photo Go \u00e1p d\u1ee5ng quy tr\u00ecnh b\u00e1n \u1ea3nh minh b\u1ea1ch:<\/p>\n\n\n\n<ul class=\"wp-block-list\">\n<li><strong>Xem \u1ea3nh (Preview):<\/strong>\u00a0\u1ea2nh sau khi ch\u1ee5p s\u1ebd \u0111\u01b0\u1ee3c t\u1ea3i l\u00ean h\u1ec7 th\u1ed1ng v\u1edbi ch\u1ea5t l\u01b0\u1ee3ng th\u1ea5p v\u00e0 c\u00f3\u00a0<strong>\u0111\u00f3ng d\u1ea5u b\u1ea3n quy\u1ec1n (Watermark)<\/strong>\u00a0\u0111\u1ec3 kh\u00e1ch h\u00e0ng xem th\u1eed.<\/li>\n\n\n\n<li><strong>Giao d\u1ecbch t\u1ef1 nguy\u1ec7n:<\/strong>\u00a0Ch\u1ec9 khi kh\u00e1ch h\u00e0ng c\u1ea3m th\u1ea5y \u01b0ng \u00fd v\u00e0 th\u1ef1c hi\u1ec7n thanh to\u00e1n, Photo Go m\u1edbi cung c\u1ea5p file g\u1ed1c ch\u1ea5t l\u01b0\u1ee3ng cao v\u00e0 quy\u1ec1n s\u1edf h\u1eefu h\u00ecnh \u1ea3nh \u0111\u00f3 cho kh\u00e1ch h\u00e0ng.<\/li>\n\n\n\n<li><strong>Ch\u00ednh s\u00e1ch x\u00f3a b\u1ecf:<\/strong>\u00a0N\u1ebfu qu\u00fd kh\u00e1ch xem \u1ea3nh v\u00e0 kh\u00f4ng h\u00e0i l\u00f2ng ho\u1eb7c kh\u00f4ng c\u00f3 nhu c\u1ea7u s\u1eed d\u1ee5ng, qu\u00fd kh\u00e1ch c\u00f3 quy\u1ec1n y\u00eau c\u1ea7u th\u1ee3 ch\u1ee5p ho\u1eb7c g\u1eedi y\u00eau c\u1ea7u qua website \u0111\u1ec3\u00a0<strong>x\u00f3a v\u0129nh vi\u1ec5n<\/strong>\u00a0h\u00ecnh \u1ea3nh \u0111\u00f3 kh\u1ecfi h\u1ec7 th\u1ed1ng l\u01b0u tr\u1eef c\u1ee7a ch\u00fang t\u00f4i. Ch\u00fang t\u00f4i cam k\u1ebft kh\u00f4ng l\u01b0u gi\u1eef b\u1ea3n sao d\u01b0\u1edbi b\u1ea5t k\u1ef3 h\u00ecnh th\u1ee9c n\u00e0o.<\/li>\n<\/ul>\n\n\n\n<h3 class=\"wp-block-heading\">3. An to\u00e0n ph\u00e1p l\u00fd cho th\u1ee3 ch\u1ee5p<\/h3>\n\n\n\n<p>Theo quy \u0111\u1ecbnh v\u1ec1 B\u1ea3o v\u1ec7 d\u1eef li\u1ec7u c\u00e1 nh\u00e2n (Ngh\u1ecb \u0111\u1ecbnh 13\/2023):<\/p>\n\n\n\n<ul class=\"wp-block-list\">\n<li><strong>B\u00e1n \u1ea3nh \u0111\u00fang \u0111\u1ed1i t\u01b0\u1ee3ng:<\/strong>\u00a0Photo Go ch\u1ec9 b\u00e1n \u1ea3nh c\u00e1 nh\u00e2n cho\u00a0<strong>ch\u00ednh ng\u01b0\u1eddi trong \u1ea3nh<\/strong>\u00a0ho\u1eb7c ng\u01b0\u1eddi \u0111\u01b0\u1ee3c \u1ee7y quy\u1ec1n h\u1ee3p ph\u00e1p. Ch\u00fang t\u00f4i kh\u00f4ng b\u00e1n \u1ea3nh c\u00e1 nh\u00e2n c\u1ee7a qu\u00fd kh\u00e1ch cho b\u00ean th\u1ee9 ba v\u00ec m\u1ee5c \u0111\u00edch qu\u1ea3ng c\u00e1o khi ch\u01b0a \u0111\u01b0\u1ee3c s\u1ef1 cho ph\u00e9p b\u1eb1ng v\u0103n b\u1ea3n.<\/li>\n\n\n\n<li><strong>Mi\u1ec5n tr\u1eeb tr\u00e1ch nhi\u1ec7m:<\/strong>\u00a0Ch\u00fang t\u00f4i kh\u00f4ng ch\u1ecbu tr\u00e1ch nhi\u1ec7m n\u1ebfu kh\u00e1ch h\u00e0ng sau khi mua \u1ea3nh t\u1ef1 \u00fd s\u1eed d\u1ee5ng v\u00e0o c\u00e1c m\u1ee5c \u0111\u00edch vi ph\u1ea1m ph\u00e1p lu\u1eadt ho\u1eb7c x\u00e2m ph\u1ea1m quy\u1ec1n l\u1ee3i c\u1ee7a ng\u01b0\u1eddi kh\u00e1c.<\/li>\n<\/ul>\n\n\n\n<h3 class=\"wp-block-heading\">4. Cam k\u1ebft b\u1ea3o m\u1eadt d\u1eef li\u1ec7u (Ngh\u1ecb \u0111\u1ecbnh 13\/2023\/N\u0110-CP)<\/h3>\n\n\n\n<ul class=\"wp-block-list\">\n<li><strong>Th\u00f4ng tin l\u01b0u tr\u1eef:<\/strong>\u00a0H\u1ec7 th\u1ed1ng ch\u1ec9 l\u01b0u tr\u1eef h\u00ecnh \u1ea3nh t\u1ea1m th\u1eddi trong qu\u00e1 tr\u00ecnh ch\u1edd kh\u00e1ch h\u00e0ng ph\u1ea3n h\u1ed3i.<\/li>\n\n\n\n<li><strong>X\u1eed l\u00fd y\u00eau c\u1ea7u:<\/strong>\u00a0M\u1ecdi y\u00eau c\u1ea7u g\u1ee1 b\u1ecf h\u00ecnh \u1ea3nh s\u1ebd \u0111\u01b0\u1ee3c x\u1eed l\u00fd ngay l\u1eadp t\u1ee9c (trong v\u00f2ng 24h) \u0111\u1ec3 \u0111\u1ea3m b\u1ea3o quy\u1ec1n ri\u00eang t\u01b0 tuy\u1ec7t \u0111\u1ed1i cho kh\u00e1ch h\u00e0ng.<\/li>\n<\/ul>\n\n\n\n<p><\/p>\n","protected":false},"excerpt":{"rendered":"<p>CH\u00cdNH S\u00c1CH S\u1eec D\u1ee4NG H\u00ccNH \u1ea2NH &amp; QUY TR\u00ccNH B\u00c1N \u1ea2NH T\u1ea0I PHOTO GO 1. Nguy\u00ean t\u1eafc t\u00e1c nghi\u1ec7p (Tu\u00e2n th\u1ee7 B\u1ed9 lu\u1eadt D\u00e2n s\u1ef1 2015) 2. Quy tr\u00ecnh &#8220;H\u00e0i l\u00f2ng m\u1edbi mua &#8211; Kh\u00f4ng \u01b0ng x\u00f3a v\u0129nh vi\u1ec5n&#8221; \u0110\u1ec3 b\u1ea3o v\u1ec7 quy\u1ec1n l\u1ee3i kh\u00e1ch h\u00e0ng, Photo Go \u00e1p d\u1ee5ng quy tr\u00ecnh b\u00e1n \u1ea3nh minh &hellip; <\/p>\n","protected":false},"author":1,"featured_media":0,"parent":0,"menu_order":0,"comment_status":"closed","ping_status":"closed","template":"","meta":{"footnotes":""},"class_list":["post-10146","page","type-page","status-publish","hentry"],"_links":{"self":[{"href":"https:\/\/photogo.top\/index.php?rest_route=\/wp\/v2\/pages\/10146","targetHints":{"allow":["GET"]}}],"collection":[{"href":"https:\/\/photogo.top\/index.php?rest_route=\/wp\/v2\/pages"}],"about":[{"href":"https:\/\/photogo.top\/index.php?rest_route=\/wp\/v2\/types\/page"}],"author":[{"embeddable":true,"href":"https:\/\/photogo.top\/index.php?rest_route=\/wp\/v2\/users\/1"}],"replies":[{"embeddable":true,"href":"https:\/\/photogo.top\/index.php?rest_route=%2Fwp%2Fv2%2Fcomments&post=10146"}],"version-history":[{"count":2,"href":"https:\/\/photogo.top\/index.php?rest_route=\/wp\/v2\/pages\/10146\/revisions"}],"predecessor-version":[{"id":10177,"href":"https:\/\/photogo.top\/index.php?rest_route=\/wp\/v2\/pages\/10146\/revisions\/10177"}],"wp:attachment":[{"href":"https:\/\/photogo.top\/index.php?rest_route=%2Fwp%2Fv2%2Fmedia&parent=10146"}],"curies":[{"name":"wp","href":"https:\/\/api.w.org\/{rel}","templated":true}]}}