{"id":10192,"date":"2026-04-17T00:34:25","date_gmt":"2026-04-16T17:34:25","guid":{"rendered":"https:\/\/photogo.top\/?page_id=10192"},"modified":"2026-04-17T14:13:15","modified_gmt":"2026-04-17T07:13:15","slug":"2-2","status":"publish","type":"page","link":"https:\/\/photogo.top\/?page_id=10192","title":{"rendered":"Gi\u1edbi Thi\u1ec7u"},"content":{"rendered":"\n<p><\/p>\n\n\n\n<hr class=\"wp-block-separator has-alpha-channel-opacity\"\/>\n\n\n\n<h2 class=\"wp-block-heading\">\ud83d\udcf8 CH\u00c0O M\u1eeaNG B\u1ea0N \u0110\u1ebeN V\u1edaI PHOTO GO<\/h2>\n\n\n\n<h3 class=\"wp-block-heading\">1. M\u1ee5c \u0111\u00edch th\u00e0nh l\u1eadp<\/h3>\n\n\n\n<p><strong>Photo Go<\/strong>&nbsp;\u0111\u01b0\u1ee3c ra \u0111\u1eddi t\u1eeb ni\u1ec1m \u0111am m\u00ea l\u01b0u gi\u1eef nh\u1eefng kho\u1ea3nh kh\u1eafc ch\u00e2n th\u1ef1c nh\u1ea5t c\u1ee7a cu\u1ed9c s\u1ed1ng. Ch\u00fang t\u00f4i hi\u1ec3u r\u1eb1ng, c\u00f3 nh\u1eefng gi\u00e2y ph\u00fat tr\u00ean s\u00e2n \u0111\u1ea5u hay trong \u0111\u1eddi th\u01b0\u1eddng ch\u1ec9 di\u1ec5n ra m\u1ed9t l\u1ea7n duy nh\u1ea5t. Website&nbsp;<strong>photogo.top<\/strong>&nbsp;\u0111\u01b0\u1ee3c x\u00e2y d\u1ef1ng \u0111\u1ec3 tr\u1edf th\u00e0nh n\u01a1i b\u1ea1n c\u00f3 th\u1ec3 t\u00ecm th\u1ea5y nh\u1eefng k\u1ef7 ni\u1ec7m \u0111\u1eb9p nh\u1ea5t c\u1ee7a ch\u00ednh m\u00ecnh qua \u1ed1ng k\u00ednh chuy\u00ean nghi\u1ec7p v\u1edbi gi\u00e1 si\u00eau r\u1ebb .<\/p>\n\n\n\n<h3 class=\"wp-block-heading\">2. D\u1ecbch v\u1ee5 &amp; H\u01b0\u1edbng \u0111i c\u1ee7a ch\u00fang t\u00f4i<\/h3>\n\n\n\n<ul class=\"wp-block-list\">\n<li><strong>D\u1ecbch v\u1ee5:<\/strong>&nbsp;Chuy\u00ean cung c\u1ea5p \u1ea3nh ch\u1ea5t l\u01b0\u1ee3ng cao v\u1ec1 c\u00e1c b\u1ed9 m\u00f4n th\u1ec3 thao (B\u00f3ng chuy\u1ec1n, B\u00f3ng \u0111\u00e1, Pickleball&#8230;) v\u00e0 s\u1ef1 ki\u1ec7n t\u1ea1i khu v\u1ef1c H\u00e0 T\u0129nh v\u00e0 c\u1ea3 n\u01b0\u1edbc .<\/li>\n\n\n\n<li><strong>H\u01b0\u1edbng \u0111i:<\/strong>&nbsp;Ch\u00fang t\u00f4i ti\u00ean phong \u00e1p d\u1ee5ng m\u00f4 h\u00ecnh nhi\u1ebfp \u1ea3nh minh b\u1ea1ch:&nbsp;<strong>&#8220;H\u00e0i l\u00f2ng m\u1edbi mua &#8211; Kh\u00f4ng \u01b0ng x\u00f3a v\u0129nh vi\u1ec5n&#8221;<\/strong>.\n<ul class=\"wp-block-list\">\n<li>B\u1ea1n c\u00f3 quy\u1ec1n xem tr\u01b0\u1edbc \u1ea3nh c\u00f3 d\u1ea5u b\u1ea3n quy\u1ec1n.<\/li>\n\n\n\n<li>N\u1ebfu y\u00eau th\u00edch, b\u1ea1n c\u00f3 th\u1ec3 mua file g\u1ed1c s\u1ea1ch \u0111\u1ec3 l\u00e0m k\u1ef7 ni\u1ec7m.<\/li>\n\n\n\n<li>N\u1ebfu kh\u00f4ng h\u00e0i l\u00f2ng, ch\u00fang t\u00f4i cam k\u1ebft x\u00f3a b\u1ecf h\u00ecnh \u1ea3nh kh\u1ecfi h\u1ec7 th\u1ed1ng theo y\u00eau c\u1ea7u c\u1ee7a b\u1ea1n, \u0111\u1ea3m b\u1ea3o tuy\u1ec7t \u0111\u1ed1i quy\u1ec1n ri\u00eang t\u01b0 theo ph\u00e1p lu\u1eadt Vi\u1ec7t Nam.<\/li>\n<\/ul>\n<\/li>\n<\/ul>\n\n\n\n<hr class=\"wp-block-separator has-alpha-channel-opacity\"\/>\n\n\n\n<h3 class=\"wp-block-heading\"><\/h3>\n\n\n\n<p><\/p>\n\n\n\n<p><\/p>\n","protected":false},"excerpt":{"rendered":"<p>\ud83d\udcf8 CH\u00c0O M\u1eeaNG B\u1ea0N \u0110\u1ebeN V\u1edaI PHOTO GO 1. M\u1ee5c \u0111\u00edch th\u00e0nh l\u1eadp Photo Go&nbsp;\u0111\u01b0\u1ee3c ra \u0111\u1eddi t\u1eeb ni\u1ec1m \u0111am m\u00ea l\u01b0u gi\u1eef nh\u1eefng kho\u1ea3nh kh\u1eafc ch\u00e2n th\u1ef1c nh\u1ea5t c\u1ee7a cu\u1ed9c s\u1ed1ng. Ch\u00fang t\u00f4i hi\u1ec3u r\u1eb1ng, c\u00f3 nh\u1eefng gi\u00e2y ph\u00fat tr\u00ean s\u00e2n \u0111\u1ea5u hay trong \u0111\u1eddi th\u01b0\u1eddng ch\u1ec9 di\u1ec5n ra m\u1ed9t l\u1ea7n duy nh\u1ea5t. Website&nbsp;photogo.top&nbsp;\u0111\u01b0\u1ee3c &hellip; <\/p>\n","protected":false},"author":1,"featured_media":0,"parent":0,"menu_order":0,"comment_status":"closed","ping_status":"closed","template":"","meta":{"footnotes":""},"class_list":["post-10192","page","type-page","status-publish","hentry"],"_links":{"self":[{"href":"https:\/\/photogo.top\/index.php?rest_route=\/wp\/v2\/pages\/10192","targetHints":{"allow":["GET"]}}],"collection":[{"href":"https:\/\/photogo.top\/index.php?rest_route=\/wp\/v2\/pages"}],"about":[{"href":"https:\/\/photogo.top\/index.php?rest_route=\/wp\/v2\/types\/page"}],"author":[{"embeddable":true,"href":"https:\/\/photogo.top\/index.php?rest_route=\/wp\/v2\/users\/1"}],"replies":[{"embeddable":true,"href":"https:\/\/photogo.top\/index.php?rest_route=%2Fwp%2Fv2%2Fcomments&post=10192"}],"version-history":[{"count":9,"href":"https:\/\/photogo.top\/index.php?rest_route=\/wp\/v2\/pages\/10192\/revisions"}],"predecessor-version":[{"id":10204,"href":"https:\/\/photogo.top\/index.php?rest_route=\/wp\/v2\/pages\/10192\/revisions\/10204"}],"wp:attachment":[{"href":"https:\/\/photogo.top\/index.php?rest_route=%2Fwp%2Fv2%2Fmedia&parent=10192"}],"curies":[{"name":"wp","href":"https:\/\/api.w.org\/{rel}","templated":true}]}}